{"id":15,"date":"2026-03-26T14:19:15","date_gmt":"2026-03-26T14:19:15","guid":{"rendered":"https:\/\/laplazabar.rkinformatika.online\/?page_id=15"},"modified":"2026-03-30T12:02:34","modified_gmt":"2026-03-30T12:02:34","slug":"servicio","status":"publish","type":"page","link":"https:\/\/laplazabar.com\/eu\/servicio\/","title":{"rendered":"Zerbitzua"},"content":{"rendered":"<div data-elementor-type=\"wp-page\" data-elementor-id=\"15\" class=\"elementor elementor-15\" data-elementor-post-type=\"page\">\n\t\t\t\t<div class=\"elementor-element elementor-element-37d3005 e-flex e-con-boxed e-con e-parent\" data-id=\"37d3005\" data-element_type=\"container\" data-e-type=\"container\" data-settings=\"{&quot;background_background&quot;:&quot;classic&quot;,&quot;shape_divider_top&quot;:&quot;opacity-tilt&quot;}\">\n\t\t\t\t\t<div class=\"e-con-inner\">\n\t\t\t\t<div class=\"elementor-shape elementor-shape-top\" aria-hidden=\"true\" data-negative=\"false\">\n\t\t\t<svg xmlns=\"http:\/\/www.w3.org\/2000\/svg\" viewbox=\"0 0 2600 131.1\" preserveaspectratio=\"none\">\n\t<path class=\"elementor-shape-fill\" d=\"M0 0L2600 0 2600 69.1 0 0z\"\/>\n\t<path class=\"elementor-shape-fill\" style=\"opacity:0.5\" d=\"M0 0L2600 0 2600 69.1 0 69.1z\"\/>\n\t<path class=\"elementor-shape-fill\" style=\"opacity:0.25\" d=\"M2600 0L0 0 0 130.1 2600 69.1z\"\/>\n<\/svg>\t\t<\/div>\n\t\t\t\t<div class=\"elementor-element elementor-element-79f5b8a animated-slow elementor-invisible elementor-widget elementor-widget-heading\" data-id=\"79f5b8a\" data-element_type=\"widget\" data-e-type=\"widget\" data-settings=\"{&quot;_animation&quot;:&quot;bounceInUp&quot;}\" data-widget_type=\"heading.default\">\n\t\t\t\t\t<h2 class=\"elementor-heading-title elementor-size-default\">Servicios<\/h2>\t\t\t\t<\/div>\n\t\t\t\t\t<\/div>\n\t\t\t\t<\/div>\n\t\t<div class=\"elementor-element elementor-element-c1364e0 e-flex e-con-boxed e-con e-parent\" data-id=\"c1364e0\" data-element_type=\"container\" data-e-type=\"container\" data-settings=\"{&quot;background_background&quot;:&quot;classic&quot;}\">\n\t\t\t\t\t<div class=\"e-con-inner\">\n\t\t<div class=\"elementor-element elementor-element-0d12637 e-con-full animated-slow e-flex elementor-invisible e-con e-child\" data-id=\"0d12637\" data-element_type=\"container\" data-e-type=\"container\" data-settings=\"{&quot;animation&quot;:&quot;fadeIn&quot;}\">\n\t\t\t\t<div class=\"elementor-element elementor-element-6a88527 elementor-widget elementor-widget-image\" data-id=\"6a88527\" data-element_type=\"widget\" data-e-type=\"widget\" data-widget_type=\"image.default\">\n\t\t\t\t\t\t\t\t\t\t\t\t\t\t\t<img fetchpriority=\"high\" decoding=\"async\" width=\"800\" height=\"663\" src=\"https:\/\/laplazabar.com\/wp-content\/uploads\/2026\/03\/Captura-desde-2026-03-27-09-36-42-1024x848.png\" class=\"attachment-large size-large wp-image-412\" alt=\"\" srcset=\"https:\/\/laplazabar.com\/wp-content\/uploads\/2026\/03\/Captura-desde-2026-03-27-09-36-42-1024x848.png 1024w, https:\/\/laplazabar.com\/wp-content\/uploads\/2026\/03\/Captura-desde-2026-03-27-09-36-42-300x249.png 300w, https:\/\/laplazabar.com\/wp-content\/uploads\/2026\/03\/Captura-desde-2026-03-27-09-36-42-768x636.png 768w, https:\/\/laplazabar.com\/wp-content\/uploads\/2026\/03\/Captura-desde-2026-03-27-09-36-42-14x12.png 14w, https:\/\/laplazabar.com\/wp-content\/uploads\/2026\/03\/Captura-desde-2026-03-27-09-36-42.png 1102w\" sizes=\"(max-width: 800px) 100vw, 800px\" \/>\t\t\t\t\t\t\t\t\t\t\t\t\t\t\t<\/div>\n\t\t\t\t<\/div>\n\t\t<div class=\"elementor-element elementor-element-ff91738 e-con-full e-flex e-con e-child\" data-id=\"ff91738\" data-element_type=\"container\" data-e-type=\"container\">\n\t\t\t\t<div class=\"elementor-element elementor-element-90c90a2 elementor-invisible elementor-widget elementor-widget-text-editor\" data-id=\"90c90a2\" data-element_type=\"widget\" data-e-type=\"widget\" data-settings=\"{&quot;_animation&quot;:&quot;slideInRight&quot;}\" data-widget_type=\"text-editor.default\">\n\t\t\t\t\t\t\t\t\t<p>En Bar La Plaza, creemos que los mejores momentos suceden sin prisa. Por eso, nuestra propuesta nace del respeto por el producto de calidad y el cari\u00f1o en cada detalle. Desde el primer caf\u00e9 de la ma\u00f1ana hasta esa \u00faltima raci\u00f3n compartida entre amigos, disfruta de nuestro delicioso surtido de pintxos, elaborados cada d\u00eda en nuestra cocina y hechos a mano para ofrecerte el sabor de siempre. Todo es servido en un ambiente cercano y agradable, pensado para que t\u00fa solo tengas que preocuparte de disfrutar.<\/p>\t\t\t\t\t\t\t\t<\/div>\n\t\t\t\t<\/div>\n\t\t\t\t\t<\/div>\n\t\t\t\t<\/div>\n\t\t<div class=\"elementor-element elementor-element-bf137d8 e-flex e-con-boxed e-con e-parent\" data-id=\"bf137d8\" data-element_type=\"container\" data-e-type=\"container\" data-settings=\"{&quot;background_background&quot;:&quot;classic&quot;}\">\n\t\t\t\t\t<div class=\"e-con-inner\">\n\t\t\t\t<div class=\"elementor-element elementor-element-3221023 elementor-widget__width-inherit elementor-widget elementor-widget-heading\" data-id=\"3221023\" data-element_type=\"widget\" data-e-type=\"widget\" data-widget_type=\"heading.default\">\n\t\t\t\t\t<h2 class=\"elementor-heading-title elementor-size-default\">Nuestra Bodega y Refrescos<\/h2>\t\t\t\t<\/div>\n\t\t<div class=\"elementor-element elementor-element-c9bdfa3 e-con-full e-flex elementor-invisible e-con e-child\" data-id=\"c9bdfa3\" data-element_type=\"container\" data-e-type=\"container\" data-settings=\"{&quot;animation&quot;:&quot;fadeInLeft&quot;}\">\n\t\t\t\t<div class=\"elementor-element elementor-element-06ad7f7 elementor-cta--skin-classic elementor-animated-content elementor-bg-transform elementor-bg-transform-zoom-in elementor-widget elementor-widget-call-to-action\" data-id=\"06ad7f7\" data-element_type=\"widget\" data-e-type=\"widget\" data-widget_type=\"call-to-action.default\">\n\t\t\t\t\t\t\t<div class=\"elementor-cta\">\n\t\t\t\t\t<div class=\"elementor-cta__bg-wrapper\">\n\t\t\t\t<div class=\"elementor-cta__bg elementor-bg\" style=\"background-image: url(https:\/\/laplazabar.com\/wp-content\/uploads\/2026\/03\/Captura-desde-2026-03-27-09-31-32.png);\" role=\"img\" aria-label=\"Captura desde 2026-03-27 09-31-32\"><\/div>\n\t\t\t\t<div class=\"elementor-cta__bg-overlay\"><\/div>\n\t\t\t<\/div>\n\t\t\t\t\t\t\t<div class=\"elementor-cta__content\">\n\t\t\t\t\n\t\t\t\t\t\t\t\t\t<h2 class=\"elementor-cta__title elementor-cta__content-item elementor-content-item\">\n\t\t\t\t\t\tUna copa elegante\t\t\t\t\t<\/h2>\n\t\t\t\t\n\t\t\t\t\t\t\t\t\t<div class=\"elementor-cta__description elementor-cta__content-item elementor-content-item\">\n\t\t\t\t\t\tDisfruta de nuestra selecci\u00f3n de la casa. Desde un Vino Claro fresquito para empezar, hasta el cuerpo de nuestro Crianza, pasando por el sabor aut\u00e9ntico del Cosechero y nuestro Tinto seleccionado\t\t\t\t\t<\/div>\n\t\t\t\t\n\t\t\t\t\t\t\t<\/div>\n\t\t\t\t\t\t<\/div>\n\t\t\t\t\t\t<\/div>\n\t\t\t\t<\/div>\n\t\t<div class=\"elementor-element elementor-element-ad2153c e-con-full e-flex elementor-invisible e-con e-child\" data-id=\"ad2153c\" data-element_type=\"container\" data-e-type=\"container\" data-settings=\"{&quot;animation&quot;:&quot;fadeInLeft&quot;,&quot;animation_delay&quot;:1000}\">\n\t\t\t\t<div class=\"elementor-element elementor-element-3a6507f elementor-cta--skin-classic elementor-animated-content elementor-bg-transform elementor-bg-transform-zoom-in elementor-widget elementor-widget-call-to-action\" data-id=\"3a6507f\" data-element_type=\"widget\" data-e-type=\"widget\" data-widget_type=\"call-to-action.default\">\n\t\t\t\t\t\t\t<div class=\"elementor-cta\">\n\t\t\t\t\t<div class=\"elementor-cta__bg-wrapper\">\n\t\t\t\t<div class=\"elementor-cta__bg elementor-bg\" style=\"background-image: url(https:\/\/laplazabar.com\/wp-content\/uploads\/2026\/03\/pouring-refreshing-cola-from-bottle-into-glass-at-2026-03-25-08-23-02-utc-1024x683.jpg);\" role=\"img\" aria-label=\"Pouring refreshing cola from bottle into glass at grey wooden table, closeup\"><\/div>\n\t\t\t\t<div class=\"elementor-cta__bg-overlay\"><\/div>\n\t\t\t<\/div>\n\t\t\t\t\t\t\t<div class=\"elementor-cta__content\">\n\t\t\t\t\n\t\t\t\t\t\t\t\t\t<h2 class=\"elementor-cta__title elementor-cta__content-item elementor-content-item\">\n\t\t\t\t\t\tUn vaso con hielos y burbujas\t\t\t\t\t<\/h2>\n\t\t\t\t\n\t\t\t\t\t\t\t\t\t<div class=\"elementor-cta__description elementor-cta__content-item elementor-content-item\">\n\t\t\t\t\t\tLos cl\u00e1sicos que nunca fallan. Te servimos tu Coca-Cola bien fr\u00eda o el toque c\u00edtrico de un Kas de Naranja o Lim\u00f3n. El acompa\u00f1amiento perfecto para tu tapa favorita.\t\t\t\t\t<\/div>\n\t\t\t\t\n\t\t\t\t\t\t\t<\/div>\n\t\t\t\t\t\t<\/div>\n\t\t\t\t\t\t<\/div>\n\t\t\t\t<\/div>\n\t\t<div class=\"elementor-element elementor-element-4a04aec e-con-full e-flex elementor-invisible e-con e-child\" data-id=\"4a04aec\" data-element_type=\"container\" data-e-type=\"container\" data-settings=\"{&quot;animation&quot;:&quot;fadeInLeft&quot;,&quot;animation_delay&quot;:2000}\">\n\t\t\t\t<div class=\"elementor-element elementor-element-da93299 elementor-widget__width-initial elementor-cta--skin-classic elementor-animated-content elementor-bg-transform elementor-bg-transform-zoom-in elementor-widget elementor-widget-call-to-action\" data-id=\"da93299\" data-element_type=\"widget\" data-e-type=\"widget\" data-widget_type=\"call-to-action.default\">\n\t\t\t\t\t\t\t<div class=\"elementor-cta\">\n\t\t\t\t\t<div class=\"elementor-cta__bg-wrapper\">\n\t\t\t\t<div class=\"elementor-cta__bg elementor-bg\" style=\"background-image: url(https:\/\/laplazabar.com\/wp-content\/uploads\/2026\/03\/Captura-desde-2026-03-27-09-31-37.png);\" role=\"img\" aria-label=\"Captura desde 2026-03-27 09-31-37\"><\/div>\n\t\t\t\t<div class=\"elementor-cta__bg-overlay\"><\/div>\n\t\t\t<\/div>\n\t\t\t\t\t\t\t<div class=\"elementor-cta__content\">\n\t\t\t\t\n\t\t\t\t\t\t\t\t\t<h2 class=\"elementor-cta__title elementor-cta__content-item elementor-content-item\">\n\t\t\t\t\t\tUna hoja de t\u00e9 o un rayo de energ\u00eda\t\t\t\t\t<\/h2>\n\t\t\t\t\n\t\t\t\t\t\t\t\t\t<div class=\"elementor-cta__description elementor-cta__content-item elementor-content-item\">\n\t\t\t\t\t\tSi buscas algo m\u00e1s suave, refr\u00e9scate con un Nestea o recupera energ\u00edas con un Aquarius. Bebidas pensadas para quienes prefieren disfrutar sin prisas y con calma.\t\t\t\t\t<\/div>\n\t\t\t\t\n\t\t\t\t\t\t\t<\/div>\n\t\t\t\t\t\t<\/div>\n\t\t\t\t\t\t<\/div>\n\t\t\t\t<\/div>\n\t\t<div class=\"elementor-element elementor-element-fd838b8 e-con-full e-flex elementor-invisible e-con e-child\" data-id=\"fd838b8\" data-element_type=\"container\" data-e-type=\"container\" data-settings=\"{&quot;animation&quot;:&quot;fadeInLeft&quot;,&quot;animation_delay&quot;:1000}\">\n\t\t\t\t<div class=\"elementor-element elementor-element-9878856 elementor-cta--skin-classic elementor-animated-content elementor-bg-transform elementor-bg-transform-zoom-in elementor-widget elementor-widget-call-to-action\" data-id=\"9878856\" data-element_type=\"widget\" data-e-type=\"widget\" data-widget_type=\"call-to-action.default\">\n\t\t\t\t\t\t\t<div class=\"elementor-cta\">\n\t\t\t\t\t<div class=\"elementor-cta__bg-wrapper\">\n\t\t\t\t<div class=\"elementor-cta__bg elementor-bg\" style=\"background-image: url(https:\/\/laplazabar.com\/wp-content\/uploads\/2026\/03\/23._Pinchos_Morunos_-_FOTO_3_fcbd721d-0a2a-4b36-ac4b-74fac04136db-1024x707.jpg);\" role=\"img\" aria-label=\"23._Pinchos_Morunos_-_FOTO_3_fcbd721d-0a2a-4b36-ac4b-74fac04136db\"><\/div>\n\t\t\t\t<div class=\"elementor-cta__bg-overlay\"><\/div>\n\t\t\t<\/div>\n\t\t\t\t\t\t\t<div class=\"elementor-cta__content\">\n\t\t\t\t\n\t\t\t\t\t\t\t\t\t<h2 class=\"elementor-cta__title elementor-cta__content-item elementor-content-item\">\n\t\t\t\t\t\tPintxos morunos\t\t\t\t\t<\/h2>\n\t\t\t\t\n\t\t\t\t\t\t\t\t\t<div class=\"elementor-cta__description elementor-cta__content-item elementor-content-item\">\n\t\t\t\t\t\tJueves, viernes, s\u00e1bados y domingos\nte esperamos con nuestros deliciosos pinchos morunos.\n\nSabor aut\u00e9ntico, bien especiado y reci\u00e9n hecho\u2026\nperfecto para compartir.\t\t\t\t\t<\/div>\n\t\t\t\t\n\t\t\t\t\t\t\t<\/div>\n\t\t\t\t\t\t<\/div>\n\t\t\t\t\t\t<\/div>\n\t\t\t\t<\/div>\n\t\t<div class=\"elementor-element elementor-element-64dcf96 e-con-full e-flex elementor-invisible e-con e-child\" data-id=\"64dcf96\" data-element_type=\"container\" data-e-type=\"container\" data-settings=\"{&quot;animation&quot;:&quot;fadeInRight&quot;,&quot;animation_delay&quot;:80}\">\n\t\t\t\t<div class=\"elementor-element elementor-element-696d344 elementor-invisible elementor-widget elementor-widget-text-editor\" data-id=\"696d344\" data-element_type=\"widget\" data-e-type=\"widget\" data-settings=\"{&quot;_animation&quot;:&quot;slideInRight&quot;}\" data-widget_type=\"text-editor.default\">\n\t\t\t\t\t\t\t\t\t<p>A partir de las 19:00 h<\/p><p>Todos los pintxos tienen un precio especial de 1,20 \u20ac.<\/p><p>Martes<\/p><p>\u00a1Pintxo pote!<\/p>\t\t\t\t\t\t\t\t<\/div>\n\t\t\t\t<\/div>\n\t\t\t\t\t<\/div>\n\t\t\t\t<\/div>\n\t\t<div class=\"elementor-element elementor-element-a4ffd69 e-flex e-con-boxed e-con e-parent\" data-id=\"a4ffd69\" data-element_type=\"container\" data-e-type=\"container\" data-settings=\"{&quot;background_background&quot;:&quot;classic&quot;}\">\n\t\t\t\t\t<div class=\"e-con-inner\">\n\t\t<div class=\"elementor-element elementor-element-8a9828c e-con-full e-flex elementor-invisible e-con e-child\" data-id=\"8a9828c\" data-element_type=\"container\" data-e-type=\"container\" data-settings=\"{&quot;animation&quot;:&quot;slideInUp&quot;}\">\n\t\t\t\t<div class=\"elementor-element elementor-element-3692968 elementor-widget__width-inherit elementor-widget elementor-widget-heading\" data-id=\"3692968\" data-element_type=\"widget\" data-e-type=\"widget\" data-widget_type=\"heading.default\">\n\t\t\t\t\t<h2 class=\"elementor-heading-title elementor-size-default\">NUESTRA CARTA<\/h2>\t\t\t\t<\/div>\n\t\t\t\t<div class=\"elementor-element elementor-element-d064322 elementor-widget elementor-widget-image\" data-id=\"d064322\" data-element_type=\"widget\" data-e-type=\"widget\" data-widget_type=\"image.default\">\n\t\t\t\t\t\t\t\t\t\t\t\t\t\t\t<img decoding=\"async\" width=\"680\" height=\"1024\" src=\"https:\/\/laplazabar.com\/wp-content\/uploads\/2026\/03\/WhatsApp-Image-2026-03-30-at-13.52.23-e1774872041371-680x1024.jpeg\" class=\"attachment-large size-large wp-image-664\" alt=\"\" srcset=\"https:\/\/laplazabar.com\/wp-content\/uploads\/2026\/03\/WhatsApp-Image-2026-03-30-at-13.52.23-e1774872041371-680x1024.jpeg 680w, https:\/\/laplazabar.com\/wp-content\/uploads\/2026\/03\/WhatsApp-Image-2026-03-30-at-13.52.23-e1774872041371-199x300.jpeg 199w, https:\/\/laplazabar.com\/wp-content\/uploads\/2026\/03\/WhatsApp-Image-2026-03-30-at-13.52.23-e1774872041371-768x1156.jpeg 768w, https:\/\/laplazabar.com\/wp-content\/uploads\/2026\/03\/WhatsApp-Image-2026-03-30-at-13.52.23-e1774872041371-8x12.jpeg 8w, https:\/\/laplazabar.com\/wp-content\/uploads\/2026\/03\/WhatsApp-Image-2026-03-30-at-13.52.23-e1774872041371.jpeg 827w\" sizes=\"(max-width: 680px) 100vw, 680px\" \/>\t\t\t\t\t\t\t\t\t\t\t\t\t\t\t<\/div>\n\t\t\t\t<\/div>\n\t\t\t\t\t<\/div>\n\t\t\t\t<\/div>\n\t\t<div class=\"elementor-element elementor-element-9973236 e-flex e-con-boxed e-con e-parent\" data-id=\"9973236\" data-element_type=\"container\" data-e-type=\"container\" data-settings=\"{&quot;background_background&quot;:&quot;classic&quot;}\">\n\t\t\t\t\t<div class=\"e-con-inner\">\n\t\t<div class=\"elementor-element elementor-element-a58c982 e-con-full e-flex elementor-invisible e-con e-child\" data-id=\"a58c982\" data-element_type=\"container\" data-e-type=\"container\" data-settings=\"{&quot;animation&quot;:&quot;slideInUp&quot;}\">\n\t\t\t\t<div class=\"elementor-element elementor-element-3fbdee0 elementor-widget elementor-widget-heading\" data-id=\"3fbdee0\" data-element_type=\"widget\" data-e-type=\"widget\" data-widget_type=\"heading.default\">\n\t\t\t\t\t<h2 class=\"elementor-heading-title elementor-size-default\">\u00bfTienes alguna pregunta?<\/h2>\t\t\t\t<\/div>\n\t\t\t\t<div class=\"elementor-element elementor-element-c5a0b4b elementor-widget elementor-widget-button\" data-id=\"c5a0b4b\" data-element_type=\"widget\" data-e-type=\"widget\" data-widget_type=\"button.default\">\n\t\t\t\t\t\t\t\t\t\t<a class=\"elementor-button elementor-button-link elementor-size-sm\" href=\"https:\/\/laplazabar.com\/eu\/contacto\/\">\n\t\t\t\t\t\t<span class=\"elementor-button-content-wrapper\">\n\t\t\t\t\t\t\t\t\t<span class=\"elementor-button-text\">Haz clic aqu\u00ed<\/span>\n\t\t\t\t\t<\/span>\n\t\t\t\t\t<\/a>\n\t\t\t\t\t\t\t\t<\/div>\n\t\t\t\t<\/div>\n\t\t\t\t\t<\/div>\n\t\t\t\t<\/div>\n\t\t\t\t<\/div>","protected":false},"excerpt":{"rendered":"<p>Servicios En Bar La Plaza, creemos que los mejores momentos suceden sin prisa. Por eso, nuestra propuesta nace del respeto por el producto de calidad y el cari\u00f1o en cada detalle. Desde el primer caf\u00e9 de la ma\u00f1ana hasta esa \u00faltima raci\u00f3n compartida entre amigos, disfruta de nuestro delicioso surtido de pintxos, elaborados cada d\u00eda [&hellip;]<\/p>\n","protected":false},"author":1,"featured_media":0,"parent":0,"menu_order":0,"comment_status":"closed","ping_status":"closed","template":"elementor_canvas","meta":{"footnotes":""},"class_list":["post-15","page","type-page","status-publish","hentry"],"yoast_head":"<!-- This site is optimized with the Yoast SEO plugin v27.3 - https:\/\/yoast.com\/product\/yoast-seo-wordpress\/ -->\n<title>Servicio - Bar La Plaza<\/title>\n<meta name=\"robots\" content=\"index, follow, max-snippet:-1, max-image-preview:large, max-video-preview:-1\" \/>\n<link rel=\"canonical\" href=\"https:\/\/laplazabar.com\/eu\/servicio\/\" \/>\n<meta property=\"og:locale\" content=\"en_US\" \/>\n<meta property=\"og:type\" content=\"article\" \/>\n<meta property=\"og:title\" content=\"Servicio - Bar La Plaza\" \/>\n<meta property=\"og:description\" content=\"Servicios En Bar La Plaza, creemos que los mejores momentos suceden sin prisa. Por eso, nuestra propuesta nace del respeto por el producto de calidad y el cari\u00f1o en cada detalle. Desde el primer caf\u00e9 de la ma\u00f1ana hasta esa \u00faltima raci\u00f3n compartida entre amigos, disfruta de nuestro delicioso surtido de pintxos, elaborados cada d\u00eda [&hellip;]\" \/>\n<meta property=\"og:url\" content=\"https:\/\/laplazabar.com\/eu\/servicio\/\" \/>\n<meta property=\"og:site_name\" content=\"Bar La Plaza\" \/>\n<meta property=\"article:modified_time\" content=\"2026-03-30T12:02:34+00:00\" \/>\n<meta property=\"og:image\" content=\"https:\/\/laplazabar.com\/wp-content\/uploads\/2026\/03\/Captura-desde-2026-03-27-09-36-42-1024x848.png\" \/>\n<meta name=\"twitter:card\" content=\"summary_large_image\" \/>\n<meta name=\"twitter:label1\" content=\"Est. reading time\" \/>\n\t<meta name=\"twitter:data1\" content=\"2 minutua\" \/>\n<script type=\"application\/ld+json\" class=\"yoast-schema-graph\">{\"@context\":\"https:\\\/\\\/schema.org\",\"@graph\":[{\"@type\":\"WebPage\",\"@id\":\"https:\\\/\\\/laplazabar.com\\\/servicio\\\/\",\"url\":\"https:\\\/\\\/laplazabar.com\\\/servicio\\\/\",\"name\":\"Servicio - Bar La Plaza\",\"isPartOf\":{\"@id\":\"https:\\\/\\\/laplazabar.com\\\/#website\"},\"primaryImageOfPage\":{\"@id\":\"https:\\\/\\\/laplazabar.com\\\/servicio\\\/#primaryimage\"},\"image\":{\"@id\":\"https:\\\/\\\/laplazabar.com\\\/servicio\\\/#primaryimage\"},\"thumbnailUrl\":\"https:\\\/\\\/laplazabar.com\\\/wp-content\\\/uploads\\\/2026\\\/03\\\/Captura-desde-2026-03-27-09-36-42-1024x848.png\",\"datePublished\":\"2026-03-26T14:19:15+00:00\",\"dateModified\":\"2026-03-30T12:02:34+00:00\",\"breadcrumb\":{\"@id\":\"https:\\\/\\\/laplazabar.com\\\/servicio\\\/#breadcrumb\"},\"inLanguage\":\"eu\",\"potentialAction\":[{\"@type\":\"ReadAction\",\"target\":[\"https:\\\/\\\/laplazabar.com\\\/servicio\\\/\"]}]},{\"@type\":\"ImageObject\",\"inLanguage\":\"eu\",\"@id\":\"https:\\\/\\\/laplazabar.com\\\/servicio\\\/#primaryimage\",\"url\":\"https:\\\/\\\/laplazabar.com\\\/wp-content\\\/uploads\\\/2026\\\/03\\\/Captura-desde-2026-03-27-09-36-42-1024x848.png\",\"contentUrl\":\"https:\\\/\\\/laplazabar.com\\\/wp-content\\\/uploads\\\/2026\\\/03\\\/Captura-desde-2026-03-27-09-36-42-1024x848.png\"},{\"@type\":\"BreadcrumbList\",\"@id\":\"https:\\\/\\\/laplazabar.com\\\/servicio\\\/#breadcrumb\",\"itemListElement\":[{\"@type\":\"ListItem\",\"position\":1,\"name\":\"Portada\",\"item\":\"https:\\\/\\\/laplazabar.com\\\/\"},{\"@type\":\"ListItem\",\"position\":2,\"name\":\"Servicio\"}]},{\"@type\":\"WebSite\",\"@id\":\"https:\\\/\\\/laplazabar.com\\\/#website\",\"url\":\"https:\\\/\\\/laplazabar.com\\\/\",\"name\":\"Bar La Plaza\",\"description\":\"Brindar servicio a los usuarios\",\"publisher\":{\"@id\":\"https:\\\/\\\/laplazabar.com\\\/#organization\"},\"potentialAction\":[{\"@type\":\"SearchAction\",\"target\":{\"@type\":\"EntryPoint\",\"urlTemplate\":\"https:\\\/\\\/laplazabar.com\\\/?s={search_term_string}\"},\"query-input\":{\"@type\":\"PropertyValueSpecification\",\"valueRequired\":true,\"valueName\":\"search_term_string\"}}],\"inLanguage\":\"eu\"},{\"@type\":\"Organization\",\"@id\":\"https:\\\/\\\/laplazabar.com\\\/#organization\",\"name\":\"Bar La Plaza\",\"url\":\"https:\\\/\\\/laplazabar.com\\\/\",\"logo\":{\"@type\":\"ImageObject\",\"inLanguage\":\"eu\",\"@id\":\"https:\\\/\\\/laplazabar.com\\\/#\\\/schema\\\/logo\\\/image\\\/\",\"url\":\"https:\\\/\\\/laplazabar.com\\\/wp-content\\\/uploads\\\/2026\\\/03\\\/cropped-ahmedoubenaissa202603_logo_web-scaled-1.png\",\"contentUrl\":\"https:\\\/\\\/laplazabar.com\\\/wp-content\\\/uploads\\\/2026\\\/03\\\/cropped-ahmedoubenaissa202603_logo_web-scaled-1.png\",\"width\":2558,\"height\":1703,\"caption\":\"Bar La Plaza\"},\"image\":{\"@id\":\"https:\\\/\\\/laplazabar.com\\\/#\\\/schema\\\/logo\\\/image\\\/\"}}]}<\/script>\n<!-- \/ Yoast SEO plugin. -->","yoast_head_json":{"title":"Servicio - Bar La Plaza","robots":{"index":"index","follow":"follow","max-snippet":"max-snippet:-1","max-image-preview":"max-image-preview:large","max-video-preview":"max-video-preview:-1"},"canonical":"https:\/\/laplazabar.com\/eu\/servicio\/","og_locale":"en_US","og_type":"article","og_title":"Servicio - Bar La Plaza","og_description":"Servicios En Bar La Plaza, creemos que los mejores momentos suceden sin prisa. Por eso, nuestra propuesta nace del respeto por el producto de calidad y el cari\u00f1o en cada detalle. Desde el primer caf\u00e9 de la ma\u00f1ana hasta esa \u00faltima raci\u00f3n compartida entre amigos, disfruta de nuestro delicioso surtido de pintxos, elaborados cada d\u00eda [&hellip;]","og_url":"https:\/\/laplazabar.com\/eu\/servicio\/","og_site_name":"Bar La Plaza","article_modified_time":"2026-03-30T12:02:34+00:00","og_image":[{"url":"https:\/\/laplazabar.com\/wp-content\/uploads\/2026\/03\/Captura-desde-2026-03-27-09-36-42-1024x848.png","type":"","width":"","height":""}],"twitter_card":"summary_large_image","twitter_misc":{"Est. reading time":"2 minutua"},"schema":{"@context":"https:\/\/schema.org","@graph":[{"@type":"WebPage","@id":"https:\/\/laplazabar.com\/servicio\/","url":"https:\/\/laplazabar.com\/servicio\/","name":"Servicio - Bar La Plaza","isPartOf":{"@id":"https:\/\/laplazabar.com\/#website"},"primaryImageOfPage":{"@id":"https:\/\/laplazabar.com\/servicio\/#primaryimage"},"image":{"@id":"https:\/\/laplazabar.com\/servicio\/#primaryimage"},"thumbnailUrl":"https:\/\/laplazabar.com\/wp-content\/uploads\/2026\/03\/Captura-desde-2026-03-27-09-36-42-1024x848.png","datePublished":"2026-03-26T14:19:15+00:00","dateModified":"2026-03-30T12:02:34+00:00","breadcrumb":{"@id":"https:\/\/laplazabar.com\/servicio\/#breadcrumb"},"inLanguage":"eu","potentialAction":[{"@type":"ReadAction","target":["https:\/\/laplazabar.com\/servicio\/"]}]},{"@type":"ImageObject","inLanguage":"eu","@id":"https:\/\/laplazabar.com\/servicio\/#primaryimage","url":"https:\/\/laplazabar.com\/wp-content\/uploads\/2026\/03\/Captura-desde-2026-03-27-09-36-42-1024x848.png","contentUrl":"https:\/\/laplazabar.com\/wp-content\/uploads\/2026\/03\/Captura-desde-2026-03-27-09-36-42-1024x848.png"},{"@type":"BreadcrumbList","@id":"https:\/\/laplazabar.com\/servicio\/#breadcrumb","itemListElement":[{"@type":"ListItem","position":1,"name":"Portada","item":"https:\/\/laplazabar.com\/"},{"@type":"ListItem","position":2,"name":"Servicio"}]},{"@type":"WebSite","@id":"https:\/\/laplazabar.com\/#website","url":"https:\/\/laplazabar.com\/","name":"Bar La Plaza","description":"Brindar servicio a los usuarios","publisher":{"@id":"https:\/\/laplazabar.com\/#organization"},"potentialAction":[{"@type":"SearchAction","target":{"@type":"EntryPoint","urlTemplate":"https:\/\/laplazabar.com\/?s={search_term_string}"},"query-input":{"@type":"PropertyValueSpecification","valueRequired":true,"valueName":"search_term_string"}}],"inLanguage":"eu"},{"@type":"Organization","@id":"https:\/\/laplazabar.com\/#organization","name":"Bar La Plaza","url":"https:\/\/laplazabar.com\/","logo":{"@type":"ImageObject","inLanguage":"eu","@id":"https:\/\/laplazabar.com\/#\/schema\/logo\/image\/","url":"https:\/\/laplazabar.com\/wp-content\/uploads\/2026\/03\/cropped-ahmedoubenaissa202603_logo_web-scaled-1.png","contentUrl":"https:\/\/laplazabar.com\/wp-content\/uploads\/2026\/03\/cropped-ahmedoubenaissa202603_logo_web-scaled-1.png","width":2558,"height":1703,"caption":"Bar La Plaza"},"image":{"@id":"https:\/\/laplazabar.com\/#\/schema\/logo\/image\/"}}]}},"_links":{"self":[{"href":"https:\/\/laplazabar.com\/eu\/wp-json\/wp\/v2\/pages\/15","targetHints":{"allow":["GET"]}}],"collection":[{"href":"https:\/\/laplazabar.com\/eu\/wp-json\/wp\/v2\/pages"}],"about":[{"href":"https:\/\/laplazabar.com\/eu\/wp-json\/wp\/v2\/types\/page"}],"author":[{"embeddable":true,"href":"https:\/\/laplazabar.com\/eu\/wp-json\/wp\/v2\/users\/1"}],"replies":[{"embeddable":true,"href":"https:\/\/laplazabar.com\/eu\/wp-json\/wp\/v2\/comments?post=15"}],"version-history":[{"count":175,"href":"https:\/\/laplazabar.com\/eu\/wp-json\/wp\/v2\/pages\/15\/revisions"}],"predecessor-version":[{"id":668,"href":"https:\/\/laplazabar.com\/eu\/wp-json\/wp\/v2\/pages\/15\/revisions\/668"}],"wp:attachment":[{"href":"https:\/\/laplazabar.com\/eu\/wp-json\/wp\/v2\/media?parent=15"}],"curies":[{"name":"wp","href":"https:\/\/api.w.org\/{rel}","templated":true}]}}